{"id":322,"date":"2015-07-10T08:53:27","date_gmt":"2015-07-10T08:53:27","guid":{"rendered":"https:\/\/solerbus.com\/?page_id=322"},"modified":"2025-02-18T11:10:50","modified_gmt":"2025-02-18T11:10:50","slug":"services","status":"publish","type":"page","link":"https:\/\/solerbus.com\/es\/services\/","title":{"rendered":"SERVICIOS"},"content":{"rendered":"<div id=\"pl-322\"  class=\"panel-layout\" ><div id=\"pg-322-0\"  class=\"panel-grid panel-no-style\" ><div id=\"pgc-322-0-0\"  class=\"panel-grid-cell\" ><div id=\"panel-322-0-0-0\" class=\"so-panel widget widget_black-studio-tinymce widget_black_studio_tinymce panel-first-child panel-last-child\" data-index=\"0\" ><div class=\"textwidget\"><\/p>\n<h3 style=\"text-align: center;\">Con la garant\u00eda en el cumplimiento de los mayores y m\u00e1s exigentes est\u00e1ndares de calidad, seguridad y confort nuestra compa\u00f1\u00eda de transporte agrupa su oferta de servicios en las siguientes \u00e1reas:<\/h3>\n<div class=\"kad-spacer clearfix\" style=\"height:10px\"><\/div>\n<\/div><\/div><\/div><\/div><div id=\"pg-322-1\"  class=\"panel-grid panel-no-style\" ><div id=\"pgc-322-1-0\"  class=\"panel-grid-cell\" ><div id=\"panel-322-1-0-0\" class=\"so-panel widget widget_black-studio-tinymce widget_black_studio_tinymce panel-first-child panel-last-child\" data-index=\"1\" ><div class=\"textwidget\">\n<div class=\"panel-group\" id=\"accordionname610\"><div class=\"panel panel-default\"><div class=\"panel-heading\"><a class=\"accordion-toggle \" data-toggle=\"collapse\" data-parent=\"#accordionname610\" href=\"#collapse6100\"><h5><i class=\"kt-icon-minus primary-color\"><\/i><i class=\"kt-icon-plus\"><\/i>Incentivos, Congresos y Convenciones<\/h5><\/a><\/div><div id=\"collapse6100\" class=\"panel-collapse collapse in\"><div class=\"panel-body postclass\">\n<p>Este apartado es donde m\u00e1s se requiere de una especializaci\u00f3n, ya que en muchos casos est\u00e1 en liza la imagen de nuestros clientes. Su evento, su congreso, debe ser \u00fanico, tanto en calidad como en servicio y prestaciones.<\/p>\n<\/div><\/div><\/div>\n<div class=\"panel panel-default\"><div class=\"panel-heading\"><a class=\"accordion-toggle collapsed\" data-toggle=\"collapse\" data-parent=\"#accordionname610\" href=\"#collapse6101\"><h5><i class=\"kt-icon-minus primary-color\"><\/i><i class=\"kt-icon-plus\"><\/i>Eventos de Empresa<\/h5><\/a><\/div><div id=\"collapse6101\" class=\"panel-collapse collapse \"><div class=\"panel-body postclass\">\n<p>Intentamos dotar a su evento de una serie de detalles que conseguir\u00e1n que resulte efectiva \u00a0y atractiva para los asistentes. Para conseguirlo, consideramos primordiales los siguientes factores: originalidad, creatividad y eficacia.<\/p>\n<\/div><\/div><\/div>\n<div class=\"panel panel-default\"><div class=\"panel-heading\"><a class=\"accordion-toggle collapsed\" data-toggle=\"collapse\" data-parent=\"#accordionname610\" href=\"#collapse6102\"><h5><i class=\"kt-icon-minus primary-color\"><\/i><i class=\"kt-icon-plus\"><\/i>Transfer Aeropuerto - Hotel<\/h5><\/a><\/div><div id=\"collapse6102\" class=\"panel-collapse collapse \"><div class=\"panel-body postclass\">\n<p>Traslado door to door, solo d\u00edganos a qu\u00e9 hora necesita llegar a su destino, nosotros hacemos el resto<\/p>\n<\/div><\/div><\/div>\n<div class=\"panel panel-default\"><div class=\"panel-heading\"><a class=\"accordion-toggle collapsed\" data-toggle=\"collapse\" data-parent=\"#accordionname610\" href=\"#collapse6103\"><h5><i class=\"kt-icon-minus primary-color\"><\/i><i class=\"kt-icon-plus\"><\/i>Excursiones, Viajes<\/h5><\/a><\/div><div id=\"collapse6103\" class=\"panel-collapse collapse \"><div class=\"panel-body postclass\">\n<p>Planificamos sus excursiones o viajes con todo tipo de detalles, para que su excursi\u00f3n o viaje no sea uno m\u00e1s, si no el viaje o excursi\u00f3n que so\u00f1aba.<\/p>\n<\/div><\/div><\/div>\n<div class=\"panel panel-default\"><div class=\"panel-heading\"><a class=\"accordion-toggle collapsed\" data-toggle=\"collapse\" data-parent=\"#accordionname610\" href=\"#collapse6104\"><h5><i class=\"kt-icon-minus primary-color\"><\/i><i class=\"kt-icon-plus\"><\/i>Traslado Trabajadores <\/h5><\/a><\/div><div id=\"collapse6104\" class=\"panel-collapse collapse \"><div class=\"panel-body postclass\">\n<p>Traslado de trabajadores a su sede, planificaci\u00f3n de rutas personalizadas.<\/p>\n<\/div><\/div><\/div>\n<div class=\"panel panel-default\"><div class=\"panel-heading\"><a class=\"accordion-toggle collapsed\" data-toggle=\"collapse\" data-parent=\"#accordionname610\" href=\"#collapse6105\"><h5><i class=\"kt-icon-minus primary-color\"><\/i><i class=\"kt-icon-plus\"><\/i>Transporte Escolar<\/h5><\/a><\/div><div id=\"collapse6105\" class=\"panel-collapse collapse \"><div class=\"panel-body postclass\">\n<p>Excursiones, matinales, traslado extraescolares.... Especialistas en trasladar a \u00a0los m\u00e1s peques, y a nuestros \"futuros\" clientes.<\/p>\n<\/div><\/div><\/div>\n<div class=\"panel panel-default\"><div class=\"panel-heading\"><a class=\"accordion-toggle collapsed\" data-toggle=\"collapse\" data-parent=\"#accordionname610\" href=\"#collapse6106\"><h5><i class=\"kt-icon-minus primary-color\"><\/i><i class=\"kt-icon-plus\"><\/i>Transporte Equipos Deportivos<\/h5><\/a><\/div><div id=\"collapse6106\" class=\"panel-collapse collapse \"><div class=\"panel-body postclass\">\n<p>Especializados en el transporte de grupos deportivos a estadios, stages, entrenamientos...<\/p>\n<\/div><\/div><\/div><\/div>\n\n<div class=\"kad-spacer clearfix\" style=\"height:20px\"><\/div>\n<\/div><\/div><\/div><div id=\"pgc-322-1-1\"  class=\"panel-grid-cell\" ><div id=\"panel-322-1-1-0\" class=\"so-panel widget widget_black-studio-tinymce widget_black_studio_tinymce panel-first-child panel-last-child\" data-index=\"2\" ><div class=\"textwidget\"><p><a href=\"https:\/\/solerbus.com\/wp-content\/uploads\/2019\/02\/soler-bus-fondo.jpg\"><img loading=\"lazy\" decoding=\"async\" class=\"alignnone wp-image-1265 size-full\" src=\"https:\/\/solerbus.com\/wp-content\/uploads\/2019\/02\/soler-bus-fondo.jpg\" alt=\"soler-bus-fondo\" width=\"1600\" height=\"762\" srcset=\"https:\/\/solerbus.com\/wp-content\/uploads\/2019\/02\/soler-bus-fondo.jpg 1600w, https:\/\/solerbus.com\/wp-content\/uploads\/2019\/02\/soler-bus-fondo-300x143.jpg 300w, https:\/\/solerbus.com\/wp-content\/uploads\/2019\/02\/soler-bus-fondo-768x366.jpg 768w, https:\/\/solerbus.com\/wp-content\/uploads\/2019\/02\/soler-bus-fondo-1024x488.jpg 1024w, https:\/\/solerbus.com\/wp-content\/uploads\/2019\/02\/soler-bus-fondo-640x305.jpg 640w\" sizes=\"auto, (max-width: 1600px) 100vw, 1600px\" \/><\/a><\/p>\n<p><a href=\"https:\/\/solerbus.com\/wp-content\/uploads\/2019\/02\/Soler-Bus-flota.jpg\"><img loading=\"lazy\" decoding=\"async\" class=\"alignnone wp-image-1193 size-full\" src=\"https:\/\/solerbus.com\/wp-content\/uploads\/2019\/02\/Soler-Bus-flota.jpg\" alt=\"Soler-Bus-flota\" width=\"1400\" height=\"1050\" srcset=\"https:\/\/solerbus.com\/wp-content\/uploads\/2019\/02\/Soler-Bus-flota.jpg 1400w, https:\/\/solerbus.com\/wp-content\/uploads\/2019\/02\/Soler-Bus-flota-300x225.jpg 300w, https:\/\/solerbus.com\/wp-content\/uploads\/2019\/02\/Soler-Bus-flota-768x576.jpg 768w, https:\/\/solerbus.com\/wp-content\/uploads\/2019\/02\/Soler-Bus-flota-1024x768.jpg 1024w, https:\/\/solerbus.com\/wp-content\/uploads\/2019\/02\/Soler-Bus-flota-640x480.jpg 640w\" sizes=\"auto, (max-width: 1400px) 100vw, 1400px\" \/><\/a><\/p>\n<p style=\"text-align: center;\"><em>Planificamos sus excursiones o viajes con todo tipo de detalles.<\/em><\/p>\n<\/div><\/div><\/div><\/div><\/div>","protected":false},"excerpt":{"rendered":"<p>Con la garant\u00eda en el cumplimiento de los mayores y m\u00e1s exigentes est\u00e1ndares de calidad, seguridad y confort nuestra compa\u00f1\u00eda de transporte agrupa su oferta de servicios en las siguientes \u00e1reas: Planificamos sus excursiones o viajes con todo tipo de &hellip; <a href=\"https:\/\/solerbus.com\/es\/services\/\">Leer m&aacute;s<\/a><\/p>\n","protected":false},"author":2,"featured_media":0,"parent":0,"menu_order":0,"comment_status":"open","ping_status":"closed","template":"","meta":{"_monsterinsights_skip_tracking":false,"_monsterinsights_sitenote_active":false,"_monsterinsights_sitenote_note":"","_monsterinsights_sitenote_category":0,"footnotes":""},"class_list":["post-322","page","type-page","status-publish","hentry"],"yoast_head":"<!-- This site is optimized with the Yoast SEO plugin v27.4 - https:\/\/yoast.com\/product\/yoast-seo-wordpress\/ -->\n<title>Rent a bus services in Barcelona | Soler Bus<\/title>\n<meta name=\"description\" content=\"We guarantee the compliance of the most demanding standards of quality, safety and comfort. The transport company groups its services in the folowing areas\" \/>\n<meta name=\"robots\" content=\"index, follow, max-snippet:-1, max-image-preview:large, max-video-preview:-1\" \/>\n<link rel=\"canonical\" href=\"https:\/\/solerbus.com\/services\/\" \/>\n<meta property=\"og:locale\" content=\"es_ES\" \/>\n<meta property=\"og:type\" content=\"article\" \/>\n<meta property=\"og:title\" content=\"Rent a bus services in Barcelona | Soler Bus\" \/>\n<meta property=\"og:description\" content=\"We guarantee the compliance of the most demanding standards of quality, safety and comfort. The transport company groups its services in the folowing areas\" \/>\n<meta property=\"og:url\" content=\"https:\/\/solerbus.com\/services\/\" \/>\n<meta property=\"og:site_name\" content=\"Soler Bus\" \/>\n<meta property=\"article:publisher\" content=\"https:\/\/www.facebook.com\/SolerBus\" \/>\n<meta property=\"article:modified_time\" content=\"2025-02-18T11:10:50+00:00\" \/>\n<meta property=\"og:image\" content=\"https:\/\/solerbus.com\/wp-content\/uploads\/2015\/06\/home-quality-solerbus.png\" \/>\n\t<meta property=\"og:image:width\" content=\"621\" \/>\n\t<meta property=\"og:image:height\" content=\"621\" \/>\n\t<meta property=\"og:image:type\" content=\"image\/png\" \/>\n<meta name=\"twitter:card\" content=\"summary_large_image\" \/>\n<meta name=\"twitter:title\" content=\"Rent a bus services in Barcelona | Soler Bus\" \/>\n<meta name=\"twitter:description\" content=\"We guarantee the compliance of the most demanding standards of quality, safety and comfort. The transport company groups its services in the folowing areas\" \/>\n<meta name=\"twitter:image\" content=\"https:\/\/solerbus.com\/wp-content\/uploads\/2015\/06\/home-quality-solerbus.png\" \/>\n<meta name=\"twitter:site\" content=\"@soler_bus\" \/>\n<meta name=\"twitter:label1\" content=\"Tiempo de lectura\" \/>\n\t<meta name=\"twitter:data1\" content=\"5 minutos\" \/>\n<script type=\"application\/ld+json\" class=\"yoast-schema-graph\">{\"@context\":\"https:\\\/\\\/schema.org\",\"@graph\":[{\"@type\":\"WebPage\",\"@id\":\"https:\\\/\\\/solerbus.com\\\/services\\\/\",\"url\":\"https:\\\/\\\/solerbus.com\\\/services\\\/\",\"name\":\"Rent a bus services in Barcelona | Soler Bus\",\"isPartOf\":{\"@id\":\"https:\\\/\\\/solerbus.com\\\/#website\"},\"primaryImageOfPage\":{\"@id\":\"https:\\\/\\\/solerbus.com\\\/services\\\/#primaryimage\"},\"image\":{\"@id\":\"https:\\\/\\\/solerbus.com\\\/services\\\/#primaryimage\"},\"thumbnailUrl\":\"https:\\\/\\\/solerbus.com\\\/wp-content\\\/uploads\\\/2019\\\/02\\\/soler-bus-fondo.jpg\",\"datePublished\":\"2015-07-10T08:53:27+00:00\",\"dateModified\":\"2025-02-18T11:10:50+00:00\",\"description\":\"We guarantee the compliance of the most demanding standards of quality, safety and comfort. The transport company groups its services in the folowing areas\",\"breadcrumb\":{\"@id\":\"https:\\\/\\\/solerbus.com\\\/services\\\/#breadcrumb\"},\"inLanguage\":\"es\",\"potentialAction\":[{\"@type\":\"ReadAction\",\"target\":[\"https:\\\/\\\/solerbus.com\\\/services\\\/\"]}]},{\"@type\":\"ImageObject\",\"inLanguage\":\"es\",\"@id\":\"https:\\\/\\\/solerbus.com\\\/services\\\/#primaryimage\",\"url\":\"https:\\\/\\\/solerbus.com\\\/wp-content\\\/uploads\\\/2019\\\/02\\\/soler-bus-fondo.jpg\",\"contentUrl\":\"https:\\\/\\\/solerbus.com\\\/wp-content\\\/uploads\\\/2019\\\/02\\\/soler-bus-fondo.jpg\"},{\"@type\":\"BreadcrumbList\",\"@id\":\"https:\\\/\\\/solerbus.com\\\/services\\\/#breadcrumb\",\"itemListElement\":[{\"@type\":\"ListItem\",\"position\":1,\"name\":\"Home\",\"item\":\"https:\\\/\\\/solerbus.com\\\/\"},{\"@type\":\"ListItem\",\"position\":2,\"name\":\"SERVICES\"}]},{\"@type\":\"WebSite\",\"@id\":\"https:\\\/\\\/solerbus.com\\\/#website\",\"url\":\"https:\\\/\\\/solerbus.com\\\/\",\"name\":\"Soler Bus\",\"description\":\"Expertos en servicios de alquiler de autobuses, en Barcelona\",\"publisher\":{\"@id\":\"https:\\\/\\\/solerbus.com\\\/#organization\"},\"potentialAction\":[{\"@type\":\"SearchAction\",\"target\":{\"@type\":\"EntryPoint\",\"urlTemplate\":\"https:\\\/\\\/solerbus.com\\\/?s={search_term_string}\"},\"query-input\":{\"@type\":\"PropertyValueSpecification\",\"valueRequired\":true,\"valueName\":\"search_term_string\"}}],\"inLanguage\":\"es\"},{\"@type\":\"Organization\",\"@id\":\"https:\\\/\\\/solerbus.com\\\/#organization\",\"name\":\"Soler Bus\",\"url\":\"https:\\\/\\\/solerbus.com\\\/\",\"logo\":{\"@type\":\"ImageObject\",\"inLanguage\":\"es\",\"@id\":\"https:\\\/\\\/solerbus.com\\\/#\\\/schema\\\/logo\\\/image\\\/\",\"url\":\"https:\\\/\\\/solerbus.com\\\/wp-content\\\/uploads\\\/2015\\\/07\\\/soler-bus.jpg\",\"contentUrl\":\"https:\\\/\\\/solerbus.com\\\/wp-content\\\/uploads\\\/2015\\\/07\\\/soler-bus.jpg\",\"width\":632,\"height\":628,\"caption\":\"Soler Bus\"},\"image\":{\"@id\":\"https:\\\/\\\/solerbus.com\\\/#\\\/schema\\\/logo\\\/image\\\/\"},\"sameAs\":[\"https:\\\/\\\/www.facebook.com\\\/SolerBus\",\"https:\\\/\\\/x.com\\\/soler_bus\"]}]}<\/script>\n<!-- \/ Yoast SEO plugin. -->","yoast_head_json":{"title":"Rent a bus services in Barcelona | Soler Bus","description":"We guarantee the compliance of the most demanding standards of quality, safety and comfort. The transport company groups its services in the folowing areas","robots":{"index":"index","follow":"follow","max-snippet":"max-snippet:-1","max-image-preview":"max-image-preview:large","max-video-preview":"max-video-preview:-1"},"canonical":"https:\/\/solerbus.com\/services\/","og_locale":"es_ES","og_type":"article","og_title":"Rent a bus services in Barcelona | Soler Bus","og_description":"We guarantee the compliance of the most demanding standards of quality, safety and comfort. The transport company groups its services in the folowing areas","og_url":"https:\/\/solerbus.com\/services\/","og_site_name":"Soler Bus","article_publisher":"https:\/\/www.facebook.com\/SolerBus","article_modified_time":"2025-02-18T11:10:50+00:00","og_image":[{"width":621,"height":621,"url":"https:\/\/solerbus.com\/wp-content\/uploads\/2015\/06\/home-quality-solerbus.png","type":"image\/png"}],"twitter_card":"summary_large_image","twitter_title":"Rent a bus services in Barcelona | Soler Bus","twitter_description":"We guarantee the compliance of the most demanding standards of quality, safety and comfort. The transport company groups its services in the folowing areas","twitter_image":"https:\/\/solerbus.com\/wp-content\/uploads\/2015\/06\/home-quality-solerbus.png","twitter_site":"@soler_bus","twitter_misc":{"Tiempo de lectura":"5 minutos"},"schema":{"@context":"https:\/\/schema.org","@graph":[{"@type":"WebPage","@id":"https:\/\/solerbus.com\/services\/","url":"https:\/\/solerbus.com\/services\/","name":"Rent a bus services in Barcelona | Soler Bus","isPartOf":{"@id":"https:\/\/solerbus.com\/#website"},"primaryImageOfPage":{"@id":"https:\/\/solerbus.com\/services\/#primaryimage"},"image":{"@id":"https:\/\/solerbus.com\/services\/#primaryimage"},"thumbnailUrl":"https:\/\/solerbus.com\/wp-content\/uploads\/2019\/02\/soler-bus-fondo.jpg","datePublished":"2015-07-10T08:53:27+00:00","dateModified":"2025-02-18T11:10:50+00:00","description":"We guarantee the compliance of the most demanding standards of quality, safety and comfort. The transport company groups its services in the folowing areas","breadcrumb":{"@id":"https:\/\/solerbus.com\/services\/#breadcrumb"},"inLanguage":"es","potentialAction":[{"@type":"ReadAction","target":["https:\/\/solerbus.com\/services\/"]}]},{"@type":"ImageObject","inLanguage":"es","@id":"https:\/\/solerbus.com\/services\/#primaryimage","url":"https:\/\/solerbus.com\/wp-content\/uploads\/2019\/02\/soler-bus-fondo.jpg","contentUrl":"https:\/\/solerbus.com\/wp-content\/uploads\/2019\/02\/soler-bus-fondo.jpg"},{"@type":"BreadcrumbList","@id":"https:\/\/solerbus.com\/services\/#breadcrumb","itemListElement":[{"@type":"ListItem","position":1,"name":"Home","item":"https:\/\/solerbus.com\/"},{"@type":"ListItem","position":2,"name":"SERVICES"}]},{"@type":"WebSite","@id":"https:\/\/solerbus.com\/#website","url":"https:\/\/solerbus.com\/","name":"Soler Bus","description":"Expertos en servicios de alquiler de autobuses, en Barcelona","publisher":{"@id":"https:\/\/solerbus.com\/#organization"},"potentialAction":[{"@type":"SearchAction","target":{"@type":"EntryPoint","urlTemplate":"https:\/\/solerbus.com\/?s={search_term_string}"},"query-input":{"@type":"PropertyValueSpecification","valueRequired":true,"valueName":"search_term_string"}}],"inLanguage":"es"},{"@type":"Organization","@id":"https:\/\/solerbus.com\/#organization","name":"Soler Bus","url":"https:\/\/solerbus.com\/","logo":{"@type":"ImageObject","inLanguage":"es","@id":"https:\/\/solerbus.com\/#\/schema\/logo\/image\/","url":"https:\/\/solerbus.com\/wp-content\/uploads\/2015\/07\/soler-bus.jpg","contentUrl":"https:\/\/solerbus.com\/wp-content\/uploads\/2015\/07\/soler-bus.jpg","width":632,"height":628,"caption":"Soler Bus"},"image":{"@id":"https:\/\/solerbus.com\/#\/schema\/logo\/image\/"},"sameAs":["https:\/\/www.facebook.com\/SolerBus","https:\/\/x.com\/soler_bus"]}]}},"_links":{"self":[{"href":"https:\/\/solerbus.com\/es\/wp-json\/wp\/v2\/pages\/322","targetHints":{"allow":["GET"]}}],"collection":[{"href":"https:\/\/solerbus.com\/es\/wp-json\/wp\/v2\/pages"}],"about":[{"href":"https:\/\/solerbus.com\/es\/wp-json\/wp\/v2\/types\/page"}],"author":[{"embeddable":true,"href":"https:\/\/solerbus.com\/es\/wp-json\/wp\/v2\/users\/2"}],"replies":[{"embeddable":true,"href":"https:\/\/solerbus.com\/es\/wp-json\/wp\/v2\/comments?post=322"}],"version-history":[{"count":39,"href":"https:\/\/solerbus.com\/es\/wp-json\/wp\/v2\/pages\/322\/revisions"}],"predecessor-version":[{"id":1313,"href":"https:\/\/solerbus.com\/es\/wp-json\/wp\/v2\/pages\/322\/revisions\/1313"}],"wp:attachment":[{"href":"https:\/\/solerbus.com\/es\/wp-json\/wp\/v2\/media?parent=322"}],"curies":[{"name":"wp","href":"https:\/\/api.w.org\/{rel}","templated":true}]}}