{"id":2,"date":"2015-06-15T18:27:57","date_gmt":"2015-06-15T18:27:57","guid":{"rendered":"https:\/\/solerbus.com\/?page_id=2"},"modified":"2019-02-14T17:37:54","modified_gmt":"2019-02-14T17:37:54","slug":"inicio","status":"publish","type":"page","link":"https:\/\/solerbus.com\/es\/","title":{"rendered":"HOME"},"content":{"rendered":"<div id=\"pl-2\"  class=\"panel-layout\" ><div id=\"pg-2-0\"  class=\"panel-grid panel-has-style\" ><div class=\"siteorigin-panels-stretch kt-panel-row-full-stretch panel-row-style panel-row-style-for-2-0\" style=\"visibility: hidden;\" data-stretch-type=\"full-stretched\" ><div id=\"pgc-2-0-0\"  class=\"panel-grid-cell\" ><div id=\"panel-2-0-0-0\" class=\"so-panel widget widget_black-studio-tinymce widget_black_studio_tinymce panel-first-child panel-last-child\" data-index=\"0\" ><div class=\"panel-widget-style panel-widget-style-for-2-0-0-0\" ><div class=\"textwidget\"><h2 style=\"text-align: center;\">\u00bfPor qu\u00e9 alquilar un autob\u00fas en Barcelona?<\/h2>\n<\/div><\/div><\/div><\/div><\/div><\/div><div id=\"pg-2-1\"  class=\"panel-grid panel-no-style\" ><div id=\"pgc-2-1-0\"  class=\"panel-grid-cell\" ><div id=\"panel-2-1-0-0\" class=\"so-panel widget widget_black-studio-tinymce widget_black_studio_tinymce panel-first-child panel-last-child\" data-index=\"1\" ><div class=\"textwidget\"><div class=\"kad-spacer clearfix\" style=\"height:20px\"><\/div> <img loading=\"lazy\" decoding=\"async\" class=\" wp-image-176 aligncenter\" src=\"https:\/\/solerbus.com\/wp-content\/uploads\/2015\/06\/home-quality-solerbus.png\" alt=\"home quality solerbus\" width=\"300\" height=\"300\" srcset=\"https:\/\/solerbus.com\/wp-content\/uploads\/2015\/06\/home-quality-solerbus.png 621w, https:\/\/solerbus.com\/wp-content\/uploads\/2015\/06\/home-quality-solerbus-150x150.png 150w, https:\/\/solerbus.com\/wp-content\/uploads\/2015\/06\/home-quality-solerbus-300x300.png 300w, https:\/\/solerbus.com\/wp-content\/uploads\/2015\/06\/home-quality-solerbus-60x60.png 60w\" sizes=\"auto, (max-width: 300px) 100vw, 300px\" \/><\/p>\n<\/div><\/div><\/div><div id=\"pgc-2-1-1\"  class=\"panel-grid-cell\" ><div id=\"panel-2-1-1-0\" class=\"so-panel widget widget_black-studio-tinymce widget_black_studio_tinymce panel-first-child panel-last-child\" data-index=\"2\" ><div class=\"textwidget\"><p style=\"text-align: justify;\"><div class=\"kad-spacer clearfix\" style=\"height:10px\"><\/div>\n<h4 style=\"text-align: justify;\"><\/h4>\n<h4 style=\"text-align: justify;\">Soler Bus es una empresa de transportes dedicada al servicio p\u00fablico desde hace m\u00e1s de veinte a\u00f1os. Somos expertos en servicios de alquiler de autobuses.<\/h4>\n<p style=\"text-align: justify;\">Nuestro compromiso es garantizar la seguridad y la calidad del transporte de nuestros clientes a un precio competitivo.\u00a0 Nuestra meta final es la de procurar la excelencia en todos los servicios que ofrecemos. En constante evoluci\u00f3n, Soler Bus, implementa continuamente sistemas de mejora que nos permitan adaptarnos de la mejor manera posible a las exigencias de nuestros clientes y de un mercado en constante evoluci\u00f3n.<\/p>\n<p style=\"text-align: justify;\">Consideramos que es nuestro deber ofrecer servicios de la m\u00e1s alta calidad. Somos un equipo de experimentados profesionales que ponen el m\u00e1ximo esfuerzo en su trabajo extrapol\u00e1ndolo al nivel personal. Este esfuerzo extra nos permite ir un paso por delante respecto a nuestros competidores.<\/p>\n<\/div><\/div><\/div><\/div><div id=\"pg-2-2\"  class=\"panel-grid panel-has-style\" ><div class=\"siteorigin-panels-stretch kt-panel-row-stretch panel-widget-style panel-row-style panel-row-style-for-2-2\" style=\"visibility: hidden;\" data-stretch-type=\"full\" ><div id=\"pgc-2-2-0\"  class=\"panel-grid-cell\" ><div id=\"panel-2-2-0-0\" class=\"so-panel widget widget_black-studio-tinymce widget_black_studio_tinymce panel-first-child panel-last-child\" data-index=\"3\" ><div class=\"panel-widget-style panel-widget-style-for-2-2-0-0\" ><div class=\"textwidget\"><h3 style=\"text-align: center;\">Al alquilar un autob\u00fas o cualquier tipo de veh\u00edculo especial para eventos, meetings, viajes nacionales o internacionales, bodas, eventos deportivos o familiares en Barcelona y Catalunya conf\u00ede en Soler Bus.\u00a0<\/h4>\n<\/div><\/div><\/div><\/div><\/div><\/div><div id=\"pg-2-3\"  class=\"panel-grid panel-no-style\" ><div id=\"pgc-2-3-0\"  class=\"panel-grid-cell\" ><div id=\"panel-2-3-0-0\" class=\"so-panel widget widget_black-studio-tinymce widget_black_studio_tinymce panel-first-child panel-last-child\" data-index=\"4\" ><div class=\"textwidget\"><div class=\"kad-spacer clearfix\" style=\"height:20px\"><\/div>\n<h4 style=\"text-align: justify;\">\n<h4>Somos un equipo multidisciplinar ampliamente preparado para ofrecerle la mejor atenci\u00f3n al cliente.<\/h4>\n<p style=\"text-align: justify;\">La orientaci\u00f3n comercial\u00a0 nos permite facilitar una amplia gama de servicios adaptados a las necesidades espec\u00edficas de agencias de viajes, tour operadores, colegios, organizadores de eventos corporativos, de empresas o individuales.\u00a0Nuestra empresa dispones de autobuses y veh\u00edculos capaces de cubrir todas sus necesidades en Barcelona: autobuses de 55 plazas, mini-buses de 32\/19\/16 plazas, mini van de 9 plazas y lujosos veh\u00edculos de hasta 3 plazas. Todos ellos equipados con la \u00faltima tecnolog\u00eda: asientos reclinables, climatizador electr\u00f3nico, DVD, TV, nevera, WC, doble acristalamiento, ventanas panor\u00e1micas, reposacabezas ergon\u00f3micos, cinturones de seguridad, etc. Todos nuestros veh\u00edculos cumplen de forma estricta con las directrices de regulaci\u00f3n europea en cuanto a materia de seguridad y respeto del medio ambiente.<\/p>\n<p style=\"text-align: justify;\">SolerBus tiene su base en Barcelona. Nuestra empresa opera a nivel local, nacional e internacional ofreciendo servicios de transporte de pasajeros y alquiler de autobuses y mini buses. La compa\u00f1\u00eda tiene la experiencia, el conocimiento y los recursos t\u00e9cnicos y humanos necesarios para satisfacer las todas expectativas de nuestros clientes. Estamos orgullosos de poder ofrecer una atenci\u00f3n personalizada, as\u00ed como un servicio seguro y de calidad a aquellas personas o entidades que precisen del alquiler de autobuses en Barcelona.<\/p>\n<\/div><\/div><\/div><div id=\"pgc-2-3-1\"  class=\"panel-grid-cell\" ><div id=\"panel-2-3-1-0\" class=\"so-panel widget widget_siteorigin-panels-builder panel-first-child panel-last-child\" data-index=\"5\" ><div id=\"pl-w5c65a772815be\"  class=\"panel-layout\" ><div id=\"pg-w5c65a772815be-0\"  class=\"panel-grid panel-no-style\" ><div id=\"pgc-w5c65a772815be-0-0\"  class=\"panel-grid-cell\" ><div id=\"panel-w5c65a772815be-0-0-0\" class=\"so-panel widget widget_sow-editor panel-first-child panel-last-child\" data-index=\"0\" ><div\n\t\t\t\n\t\t\tclass=\"so-widget-sow-editor so-widget-sow-editor-base\"\n\t\t\t\n\t\t>\n<div class=\"siteorigin-widget-tinymce textwidget\">\n\t<p><a href=\"https:\/\/solerbus.com\/wp-content\/uploads\/2019\/02\/soler-bus-home-2.jpeg\"><img loading=\"lazy\" decoding=\"async\" class=\"alignnone wp-image-1268 size-full\" src=\"https:\/\/solerbus.com\/wp-content\/uploads\/2019\/02\/soler-bus-home-2.jpeg\" alt=\"soler bus home (2)\" width=\"1600\" height=\"900\" srcset=\"https:\/\/solerbus.com\/wp-content\/uploads\/2019\/02\/soler-bus-home-2.jpeg 1600w, https:\/\/solerbus.com\/wp-content\/uploads\/2019\/02\/soler-bus-home-2-300x169.jpeg 300w, https:\/\/solerbus.com\/wp-content\/uploads\/2019\/02\/soler-bus-home-2-768x432.jpeg 768w, https:\/\/solerbus.com\/wp-content\/uploads\/2019\/02\/soler-bus-home-2-1024x576.jpeg 1024w, https:\/\/solerbus.com\/wp-content\/uploads\/2019\/02\/soler-bus-home-2-640x360.jpeg 640w\" sizes=\"auto, (max-width: 1600px) 100vw, 1600px\" \/><\/a><\/p>\n<\/div>\n<\/div><\/div><\/div><\/div><div id=\"pg-w5c65a772815be-1\"  class=\"panel-grid panel-no-style\" ><div id=\"pgc-w5c65a772815be-1-0\"  class=\"panel-grid-cell\" ><div id=\"panel-w5c65a772815be-1-0-0\" class=\"so-panel widget widget_sow-editor panel-first-child panel-last-child\" data-index=\"1\" ><div\n\t\t\t\n\t\t\tclass=\"so-widget-sow-editor so-widget-sow-editor-base\"\n\t\t\t\n\t\t>\n<div class=\"siteorigin-widget-tinymce textwidget\">\n\t<p><a href=\"https:\/\/solerbus.com\/wp-content\/uploads\/2019\/02\/soler-bus-home-1.jpeg\"><img loading=\"lazy\" decoding=\"async\" class=\"alignnone wp-image-1267 size-full\" src=\"https:\/\/solerbus.com\/wp-content\/uploads\/2019\/02\/soler-bus-home-1.jpeg\" alt=\"soler bus home (1)\" width=\"1600\" height=\"1200\" srcset=\"https:\/\/solerbus.com\/wp-content\/uploads\/2019\/02\/soler-bus-home-1.jpeg 1600w, https:\/\/solerbus.com\/wp-content\/uploads\/2019\/02\/soler-bus-home-1-300x225.jpeg 300w, https:\/\/solerbus.com\/wp-content\/uploads\/2019\/02\/soler-bus-home-1-768x576.jpeg 768w, https:\/\/solerbus.com\/wp-content\/uploads\/2019\/02\/soler-bus-home-1-1024x768.jpeg 1024w, https:\/\/solerbus.com\/wp-content\/uploads\/2019\/02\/soler-bus-home-1-640x480.jpeg 640w\" sizes=\"auto, (max-width: 1600px) 100vw, 1600px\" \/><\/a><\/p>\n<\/div>\n<\/div><\/div><\/div><div id=\"pgc-w5c65a772815be-1-1\"  class=\"panel-grid-cell\" ><div id=\"panel-w5c65a772815be-1-1-0\" class=\"so-panel widget widget_sow-editor panel-first-child panel-last-child\" data-index=\"2\" ><div\n\t\t\t\n\t\t\tclass=\"so-widget-sow-editor so-widget-sow-editor-base\"\n\t\t\t\n\t\t>\n<div class=\"siteorigin-widget-tinymce textwidget\">\n\t<p><a href=\"https:\/\/solerbus.com\/wp-content\/uploads\/2019\/02\/soler-bus-home-4.jpg\"><img loading=\"lazy\" decoding=\"async\" class=\"alignnone wp-image-1271 size-full\" src=\"https:\/\/solerbus.com\/wp-content\/uploads\/2019\/02\/soler-bus-home-4.jpg\" alt=\"soler bus home (3)\" width=\"1600\" height=\"1200\" srcset=\"https:\/\/solerbus.com\/wp-content\/uploads\/2019\/02\/soler-bus-home-4.jpg 1600w, https:\/\/solerbus.com\/wp-content\/uploads\/2019\/02\/soler-bus-home-4-300x225.jpg 300w, https:\/\/solerbus.com\/wp-content\/uploads\/2019\/02\/soler-bus-home-4-768x576.jpg 768w, https:\/\/solerbus.com\/wp-content\/uploads\/2019\/02\/soler-bus-home-4-1024x768.jpg 1024w, https:\/\/solerbus.com\/wp-content\/uploads\/2019\/02\/soler-bus-home-4-640x480.jpg 640w\" sizes=\"auto, (max-width: 1600px) 100vw, 1600px\" \/><\/a><\/p>\n<\/div>\n<\/div><\/div><\/div><\/div><\/div><\/div><\/div><\/div><div id=\"pg-2-4\"  class=\"panel-grid panel-has-style\" ><div class=\"siteorigin-panels-stretch kt-panel-row-stretch panel-row-style panel-row-style-for-2-4\" style=\"visibility: hidden;\" data-stretch-type=\"full\" ><div id=\"pgc-2-4-0\"  class=\"panel-grid-cell\" ><div id=\"panel-2-4-0-0\" class=\"so-panel widget widget_black-studio-tinymce widget_black_studio_tinymce panel-first-child panel-last-child\" data-index=\"6\" ><div class=\"panel-widget-style panel-widget-style-for-2-4-0-0\" ><div class=\"textwidget\"><h3 style=\"text-align: center;\">\n<h3 style=\"text-align: center;\">La satisfacci\u00f3n de nuestros clientes es fundamental para SolerBus y nosotros estamos completamente comprometidos con el desarrollo de la misma.<\/h3>\n<\/div><\/div><\/div><\/div><\/div><\/div><\/div>","protected":false},"excerpt":{"rendered":"<p>\u00bfPor qu\u00e9 alquilar un autob\u00fas en Barcelona? Soler Bus es una empresa de transportes dedicada al servicio p\u00fablico desde hace m\u00e1s de veinte a\u00f1os. Somos expertos en servicios de alquiler de autobuses.Nuestro compromiso es garantizar la seguridad y la calidad &hellip; <a href=\"https:\/\/solerbus.com\/es\/\">Leer m&aacute;s<\/a><\/p>\n","protected":false},"author":5,"featured_media":0,"parent":0,"menu_order":0,"comment_status":"open","ping_status":"closed","template":"","meta":{"_monsterinsights_skip_tracking":false,"_monsterinsights_sitenote_active":false,"_monsterinsights_sitenote_note":"","_monsterinsights_sitenote_category":0,"footnotes":""},"class_list":["post-2","page","type-page","status-publish","hentry"],"yoast_head":"<!-- This site is optimized with the Yoast SEO plugin v27.4 - https:\/\/yoast.com\/product\/yoast-seo-wordpress\/ -->\n<title>Rent a Bus in Barcelona | Soler Bus<\/title>\n<meta name=\"description\" content=\"Rent a bus in Barcelona and special vehicles for all types of event, meeting, national or international travel, wedding, sports or family events..\" \/>\n<meta name=\"robots\" content=\"index, follow, max-snippet:-1, max-image-preview:large, max-video-preview:-1\" \/>\n<link rel=\"canonical\" href=\"https:\/\/solerbus.com\/\" \/>\n<meta property=\"og:locale\" content=\"es_ES\" \/>\n<meta property=\"og:type\" content=\"article\" \/>\n<meta property=\"og:title\" content=\"Rent a Bus in Barcelona | Soler Bus\" \/>\n<meta property=\"og:description\" content=\"Rent a bus in Barcelona and special vehicles for all types of event, meeting, national or international travel, wedding, sports or family events..\" \/>\n<meta property=\"og:url\" content=\"https:\/\/solerbus.com\/\" \/>\n<meta property=\"og:site_name\" content=\"Soler Bus\" \/>\n<meta property=\"article:publisher\" content=\"https:\/\/www.facebook.com\/SolerBus\" \/>\n<meta property=\"article:modified_time\" content=\"2019-02-14T17:37:54+00:00\" \/>\n<meta property=\"og:image\" content=\"https:\/\/solerbus.com\/wp-content\/uploads\/2015\/06\/aura.jpg\" \/>\n\t<meta property=\"og:image:width\" content=\"906\" \/>\n\t<meta property=\"og:image:height\" content=\"960\" \/>\n\t<meta property=\"og:image:type\" content=\"image\/jpeg\" \/>\n<meta name=\"twitter:card\" content=\"summary_large_image\" \/>\n<meta name=\"twitter:title\" content=\"Rent a Bus in Barcelona | Soler Bus\" \/>\n<meta name=\"twitter:description\" content=\"Rent a bus in Barcelona and special vehicles for all types of event, meeting, national or international travel, wedding, sports or family events..\" \/>\n<meta name=\"twitter:image\" content=\"https:\/\/solerbus.com\/wp-content\/uploads\/2015\/06\/aura.jpg\" \/>\n<meta name=\"twitter:site\" content=\"@soler_bus\" \/>\n<meta name=\"twitter:label1\" content=\"Tiempo de lectura\" \/>\n\t<meta name=\"twitter:data1\" content=\"4 minutos\" \/>\n<script type=\"application\/ld+json\" class=\"yoast-schema-graph\">{\"@context\":\"https:\\\/\\\/schema.org\",\"@graph\":[{\"@type\":\"WebPage\",\"@id\":\"https:\\\/\\\/solerbus.com\\\/\",\"url\":\"https:\\\/\\\/solerbus.com\\\/\",\"name\":\"Rent a Bus in Barcelona | Soler Bus\",\"isPartOf\":{\"@id\":\"https:\\\/\\\/solerbus.com\\\/#website\"},\"primaryImageOfPage\":{\"@id\":\"https:\\\/\\\/solerbus.com\\\/#primaryimage\"},\"image\":{\"@id\":\"https:\\\/\\\/solerbus.com\\\/#primaryimage\"},\"thumbnailUrl\":\"https:\\\/\\\/solerbus.com\\\/wp-content\\\/uploads\\\/2015\\\/06\\\/home-quality-solerbus.png\",\"datePublished\":\"2015-06-15T18:27:57+00:00\",\"dateModified\":\"2019-02-14T17:37:54+00:00\",\"description\":\"Rent a bus in Barcelona and special vehicles for all types of event, meeting, national or international travel, wedding, sports or family events..\",\"breadcrumb\":{\"@id\":\"https:\\\/\\\/solerbus.com\\\/#breadcrumb\"},\"inLanguage\":\"es\",\"potentialAction\":[{\"@type\":\"ReadAction\",\"target\":[\"https:\\\/\\\/solerbus.com\\\/\"]}]},{\"@type\":\"ImageObject\",\"inLanguage\":\"es\",\"@id\":\"https:\\\/\\\/solerbus.com\\\/#primaryimage\",\"url\":\"https:\\\/\\\/solerbus.com\\\/wp-content\\\/uploads\\\/2015\\\/06\\\/home-quality-solerbus.png\",\"contentUrl\":\"https:\\\/\\\/solerbus.com\\\/wp-content\\\/uploads\\\/2015\\\/06\\\/home-quality-solerbus.png\"},{\"@type\":\"BreadcrumbList\",\"@id\":\"https:\\\/\\\/solerbus.com\\\/#breadcrumb\",\"itemListElement\":[{\"@type\":\"ListItem\",\"position\":1,\"name\":\"Home\",\"item\":\"https:\\\/\\\/solerbus.com\\\/\"},{\"@type\":\"ListItem\",\"position\":2,\"name\":\"HOME\"}]},{\"@type\":\"WebSite\",\"@id\":\"https:\\\/\\\/solerbus.com\\\/#website\",\"url\":\"https:\\\/\\\/solerbus.com\\\/\",\"name\":\"Soler Bus\",\"description\":\"Expertos en servicios de alquiler de autobuses, en Barcelona\",\"publisher\":{\"@id\":\"https:\\\/\\\/solerbus.com\\\/#organization\"},\"potentialAction\":[{\"@type\":\"SearchAction\",\"target\":{\"@type\":\"EntryPoint\",\"urlTemplate\":\"https:\\\/\\\/solerbus.com\\\/?s={search_term_string}\"},\"query-input\":{\"@type\":\"PropertyValueSpecification\",\"valueRequired\":true,\"valueName\":\"search_term_string\"}}],\"inLanguage\":\"es\"},{\"@type\":\"Organization\",\"@id\":\"https:\\\/\\\/solerbus.com\\\/#organization\",\"name\":\"Soler Bus\",\"url\":\"https:\\\/\\\/solerbus.com\\\/\",\"logo\":{\"@type\":\"ImageObject\",\"inLanguage\":\"es\",\"@id\":\"https:\\\/\\\/solerbus.com\\\/#\\\/schema\\\/logo\\\/image\\\/\",\"url\":\"https:\\\/\\\/solerbus.com\\\/wp-content\\\/uploads\\\/2015\\\/07\\\/soler-bus.jpg\",\"contentUrl\":\"https:\\\/\\\/solerbus.com\\\/wp-content\\\/uploads\\\/2015\\\/07\\\/soler-bus.jpg\",\"width\":632,\"height\":628,\"caption\":\"Soler Bus\"},\"image\":{\"@id\":\"https:\\\/\\\/solerbus.com\\\/#\\\/schema\\\/logo\\\/image\\\/\"},\"sameAs\":[\"https:\\\/\\\/www.facebook.com\\\/SolerBus\",\"https:\\\/\\\/x.com\\\/soler_bus\"]}]}<\/script>\n<!-- \/ Yoast SEO plugin. -->","yoast_head_json":{"title":"Rent a Bus in Barcelona | Soler Bus","description":"Rent a bus in Barcelona and special vehicles for all types of event, meeting, national or international travel, wedding, sports or family events..","robots":{"index":"index","follow":"follow","max-snippet":"max-snippet:-1","max-image-preview":"max-image-preview:large","max-video-preview":"max-video-preview:-1"},"canonical":"https:\/\/solerbus.com\/","og_locale":"es_ES","og_type":"article","og_title":"Rent a Bus in Barcelona | Soler Bus","og_description":"Rent a bus in Barcelona and special vehicles for all types of event, meeting, national or international travel, wedding, sports or family events..","og_url":"https:\/\/solerbus.com\/","og_site_name":"Soler Bus","article_publisher":"https:\/\/www.facebook.com\/SolerBus","article_modified_time":"2019-02-14T17:37:54+00:00","og_image":[{"width":906,"height":960,"url":"https:\/\/solerbus.com\/wp-content\/uploads\/2015\/06\/aura.jpg","type":"image\/jpeg"}],"twitter_card":"summary_large_image","twitter_title":"Rent a Bus in Barcelona | Soler Bus","twitter_description":"Rent a bus in Barcelona and special vehicles for all types of event, meeting, national or international travel, wedding, sports or family events..","twitter_image":"https:\/\/solerbus.com\/wp-content\/uploads\/2015\/06\/aura.jpg","twitter_site":"@soler_bus","twitter_misc":{"Tiempo de lectura":"4 minutos"},"schema":{"@context":"https:\/\/schema.org","@graph":[{"@type":"WebPage","@id":"https:\/\/solerbus.com\/","url":"https:\/\/solerbus.com\/","name":"Rent a Bus in Barcelona | Soler Bus","isPartOf":{"@id":"https:\/\/solerbus.com\/#website"},"primaryImageOfPage":{"@id":"https:\/\/solerbus.com\/#primaryimage"},"image":{"@id":"https:\/\/solerbus.com\/#primaryimage"},"thumbnailUrl":"https:\/\/solerbus.com\/wp-content\/uploads\/2015\/06\/home-quality-solerbus.png","datePublished":"2015-06-15T18:27:57+00:00","dateModified":"2019-02-14T17:37:54+00:00","description":"Rent a bus in Barcelona and special vehicles for all types of event, meeting, national or international travel, wedding, sports or family events..","breadcrumb":{"@id":"https:\/\/solerbus.com\/#breadcrumb"},"inLanguage":"es","potentialAction":[{"@type":"ReadAction","target":["https:\/\/solerbus.com\/"]}]},{"@type":"ImageObject","inLanguage":"es","@id":"https:\/\/solerbus.com\/#primaryimage","url":"https:\/\/solerbus.com\/wp-content\/uploads\/2015\/06\/home-quality-solerbus.png","contentUrl":"https:\/\/solerbus.com\/wp-content\/uploads\/2015\/06\/home-quality-solerbus.png"},{"@type":"BreadcrumbList","@id":"https:\/\/solerbus.com\/#breadcrumb","itemListElement":[{"@type":"ListItem","position":1,"name":"Home","item":"https:\/\/solerbus.com\/"},{"@type":"ListItem","position":2,"name":"HOME"}]},{"@type":"WebSite","@id":"https:\/\/solerbus.com\/#website","url":"https:\/\/solerbus.com\/","name":"Soler Bus","description":"Expertos en servicios de alquiler de autobuses, en Barcelona","publisher":{"@id":"https:\/\/solerbus.com\/#organization"},"potentialAction":[{"@type":"SearchAction","target":{"@type":"EntryPoint","urlTemplate":"https:\/\/solerbus.com\/?s={search_term_string}"},"query-input":{"@type":"PropertyValueSpecification","valueRequired":true,"valueName":"search_term_string"}}],"inLanguage":"es"},{"@type":"Organization","@id":"https:\/\/solerbus.com\/#organization","name":"Soler Bus","url":"https:\/\/solerbus.com\/","logo":{"@type":"ImageObject","inLanguage":"es","@id":"https:\/\/solerbus.com\/#\/schema\/logo\/image\/","url":"https:\/\/solerbus.com\/wp-content\/uploads\/2015\/07\/soler-bus.jpg","contentUrl":"https:\/\/solerbus.com\/wp-content\/uploads\/2015\/07\/soler-bus.jpg","width":632,"height":628,"caption":"Soler Bus"},"image":{"@id":"https:\/\/solerbus.com\/#\/schema\/logo\/image\/"},"sameAs":["https:\/\/www.facebook.com\/SolerBus","https:\/\/x.com\/soler_bus"]}]}},"_links":{"self":[{"href":"https:\/\/solerbus.com\/es\/wp-json\/wp\/v2\/pages\/2","targetHints":{"allow":["GET"]}}],"collection":[{"href":"https:\/\/solerbus.com\/es\/wp-json\/wp\/v2\/pages"}],"about":[{"href":"https:\/\/solerbus.com\/es\/wp-json\/wp\/v2\/types\/page"}],"author":[{"embeddable":true,"href":"https:\/\/solerbus.com\/es\/wp-json\/wp\/v2\/users\/5"}],"replies":[{"embeddable":true,"href":"https:\/\/solerbus.com\/es\/wp-json\/wp\/v2\/comments?post=2"}],"version-history":[{"count":84,"href":"https:\/\/solerbus.com\/es\/wp-json\/wp\/v2\/pages\/2\/revisions"}],"predecessor-version":[{"id":1275,"href":"https:\/\/solerbus.com\/es\/wp-json\/wp\/v2\/pages\/2\/revisions\/1275"}],"wp:attachment":[{"href":"https:\/\/solerbus.com\/es\/wp-json\/wp\/v2\/media?parent=2"}],"curies":[{"name":"wp","href":"https:\/\/api.w.org\/{rel}","templated":true}]}}